{"id":6034,"date":"2025-09-30T13:35:39","date_gmt":"2025-09-30T13:35:39","guid":{"rendered":"https:\/\/umrah-smart.com\/visa-service\/"},"modified":"2026-04-19T12:32:05","modified_gmt":"2026-04-19T12:32:05","slug":"visa-service","status":"publish","type":"page","link":"https:\/\/umrah-smart.com\/en\/visa-service\/","title":{"rendered":"Visa Service"},"content":{"rendered":"<div class=\"et_pb_section_0 et_pb_section et_pb_fullwidth_section et_section_regular et_block_section\">\n<section class=\"et_pb_fullwidth_header_0 et_pb_fullwidth_header et_pb_bg_layout_dark et_pb_text_align_left et_pb_module et_flex_module\"><div class=\"et_pb_fullwidth_header_container left\"><div class=\"header-content-container center\"><div class=\"header-content et_flex_module\"><div class=\"et_pb_header_button_wrapper\"><\/div><\/div><\/div><\/div><div class=\"et_pb_fullwidth_header_overlay\"><\/div><div class=\"et_pb_fullwidth_header_scroll\"><\/div><\/section>\n<\/div>\n\n<div class=\"et_pb_section_1 et_pb_section et_section_regular et_block_section\">\n<div class=\"et_pb_row_0 et_pb_row et_block_row\">\n<div class=\"et_pb_column_0 et_pb_column et_pb_column_4_4 et-last-child et_block_column et_pb_css_mix_blend_mode_passthrough\">\n<div class=\"et_pb_text_0 et_pb_text et_pb_bg_layout_light et_pb_module et_block_module\"><div class=\"et_pb_text_inner\"><h1>Visa Service<\/h1>\n<p>\u00a0<\/p>\n<h2 data-start=\"219\" data-end=\"248\">Visa for Your Umrah Journey<\/h2>\n<p data-start=\"250\" data-end=\"469\">For the performance of Umrah \u2013 unlike Hajj \u2013 a specific Umrah or pilgrimage visa is no longer required. Entry into the Kingdom of Saudi Arabia is conveniently arranged via the official Tourist eVisa.<\/p>\n<h3 data-start=\"471\" data-end=\"507\">Entry with the Tourist eVisa<\/h3>\n<p data-start=\"509\" data-end=\"729\">The Saudi Tourist eVisa explicitly permits the performance of Umrah (except during the official Hajj period). It offers maximum flexibility and can be applied for entirely online.<\/p>\n<p data-start=\"731\" data-end=\"765\"><strong data-start=\"731\" data-end=\"765\">Your Benefits at a Glance:<\/strong><\/p>\n<ul data-start=\"767\" data-end=\"1005\">\n<li data-start=\"767\" data-end=\"809\">\n<p data-start=\"769\" data-end=\"809\">\u2714 Online application \u2013 no visit to authorities required<\/p>\n<\/li>\n<li data-start=\"810\" data-end=\"881\">\n<p data-start=\"812\" data-end=\"881\">\u2714 Approval typically issued within minutes via email<\/p>\n<\/li>\n<li data-start=\"882\" data-end=\"934\">\n<p data-start=\"884\" data-end=\"934\">\u2714 Multiple entries possible (depending on visa type)<\/p>\n<\/li>\n<li data-start=\"935\" data-end=\"1005\">\n<p data-start=\"937\" data-end=\"1005\">\u2714 Permits Umrah, travel, and stay within the Kingdom of Saudi Arabia<\/p>\n<\/li>\n<\/ul>\n<h3 data-start=\"1007\" data-end=\"1028\">Visa Fees<\/h3>\n<p data-start=\"1030\" data-end=\"1082\">The current fee for the official eVisa is:<\/p>\n<ul data-start=\"1084\" data-end=\"1114\">\n<li data-start=\"1084\" data-end=\"1114\">\n<p data-start=\"1086\" data-end=\"1114\">395 SAR (approx. EUR 90 \u2013 as of January 2026)<\/p>\n<\/li>\n<\/ul>\n<p data-start=\"1116\" data-end=\"1246\">This fee already includes the mandatory health insurance required for your stay in Saudi Arabia.<\/p>\n<h3 data-start=\"1248\" data-end=\"1282\">Who Can Apply for the eVisa?<\/h3>\n<p data-start=\"1284\" data-end=\"1351\">The Tourist eVisa can be easily obtained by:<\/p>\n<ul data-start=\"1353\" data-end=\"1546\">\n<li data-start=\"1353\" data-end=\"1392\">\n<p data-start=\"1355\" data-end=\"1392\">Citizens of all EU member states and Schengen member states<\/p>\n<\/li>\n<li data-start=\"1393\" data-end=\"1437\">\n<p data-start=\"1395\" data-end=\"1437\">Citizens or residents of T\u00fcrkiye<\/p>\n<\/li>\n<li data-start=\"1438\" data-end=\"1504\">\n<p data-start=\"1440\" data-end=\"1504\">Citizens or residents of the United Kingdom (UK)<\/p>\n<\/li>\n<li data-start=\"1505\" data-end=\"1546\">\n<p data-start=\"1507\" data-end=\"1546\">Citizens or residents of the United States (USA)<\/p>\n<\/li>\n<\/ul>\n<p data-start=\"1548\" data-end=\"1654\">Individuals holding a valid residence permit in any of the above-mentioned countries are also eligible to apply.<\/p>\n<h3 data-start=\"1656\" data-end=\"1699\">Official Application via Visit Saudi<\/h3>\n<p data-start=\"1701\" data-end=\"1839\">We strongly recommend applying for the visa exclusively through the official website of the Saudi authorities (Visit Saudi): https:\/\/www.visitsaudi.com\/en\/plan-your-trip\/visa-regulations<\/p>\n<p data-start=\"1841\" data-end=\"1907\"><a data-start=\"1846\" data-end=\"1907\" rel=\"noopener\" target=\"_new\" class=\"decorated-link\" href=\"https:\/\/www.visitsaudi.com\/en\/plan-your-trip\/visa-regulations\">https:\/\/www.visitsaudi.com\/en\/plan-your-trip\/visa-regulations<span aria-hidden=\"true\" class=\"ms-0.5 inline-block align-middle leading-none\"><svg xmlns=\"http:\/\/www.w3.org\/2000\/svg\" width=\"20\" height=\"20\" aria-hidden=\"true\" data-rtl-flip=\"\" class=\"block h-[0.75em] w-[0.75em] stroke-current stroke-[0.75]\"><use href=\"\/cdn\/assets\/sprites-core-i9agxugi.svg#304883\" fill=\"currentColor\"><\/use><\/svg><\/span><\/a><\/p>\n<p data-start=\"1909\" data-end=\"1937\">This ensures that:<\/p>\n<ul data-start=\"1938\" data-end=\"2042\">\n<li data-start=\"1938\" data-end=\"1962\">\n<p data-start=\"1940\" data-end=\"1962\">Your visa is valid<\/p>\n<\/li>\n<li data-start=\"1963\" data-end=\"2001\">\n<p data-start=\"1965\" data-end=\"2001\">No excessive fees are charged<\/p>\n<\/li>\n<li data-start=\"2002\" data-end=\"2042\">\n<p data-start=\"2004\" data-end=\"2042\">Your personal data is processed securely<\/p>\n<\/li>\n<\/ul>\n<h3 data-start=\"2044\" data-end=\"2086\">Assistance with the Visa Application<\/h3>\n<p data-start=\"2088\" data-end=\"2222\">We are pleased to handle the complete eVisa application process on your behalf or guide you step by step through the procedure.<\/p>\n<ul data-start=\"2224\" data-end=\"2383\">\n<li data-start=\"2224\" data-end=\"2253\">\n<p data-start=\"2226\" data-end=\"2253\">Service Fee per Visa: EUR 35<\/p>\n<\/li>\n<li data-start=\"2254\" data-end=\"2284\">\n<p data-start=\"2256\" data-end=\"2284\">\u2714 Review of your documents<\/p>\n<\/li>\n<li data-start=\"2285\" data-end=\"2314\">\n<p data-start=\"2287\" data-end=\"2314\">\u2714 Accurate submission of your application<\/p>\n<\/li>\n<li data-start=\"2315\" data-end=\"2348\">\n<p data-start=\"2317\" data-end=\"2348\">\u2714 Prevention of common errors<\/p>\n<\/li>\n<li data-start=\"2349\" data-end=\"2383\">\n<p data-start=\"2351\" data-end=\"2383\">\u2714 Time savings and peace of mind<\/p>\n<\/li>\n<\/ul>\n<p data-start=\"2385\" data-end=\"2451\">Please feel free to contact us \u2013 we will be happy to assist you reliably and professionally.<\/p>\n<h3 data-start=\"2453\" data-end=\"2474\">Important Information<\/h3>\n<ul data-start=\"2476\" data-end=\"2770\">\n<li data-start=\"2476\" data-end=\"2534\">\n<p data-start=\"2478\" data-end=\"2534\">Your passport must be valid for at least six months at the time of departure<\/p>\n<\/li>\n<li data-start=\"2535\" data-end=\"2593\">\n<p data-start=\"2537\" data-end=\"2593\">The eVisa should be obtained prior to travel<\/p>\n<\/li>\n<li data-start=\"2594\" data-end=\"2680\">\n<p data-start=\"2596\" data-end=\"2680\">Umrah is not permitted during the official Hajj period<\/p>\n<\/li>\n<li data-start=\"2681\" data-end=\"2770\">\n<p data-start=\"2683\" data-end=\"2770\">No separate visa regulations apply to women (a Mahram is no longer required)<\/p>\n<\/li>\n<\/ul>\n<\/div><\/div>\n<\/div>\n<\/div>\n<\/div>","protected":false},"excerpt":{"rendered":"","protected":false},"author":1,"featured_media":0,"parent":0,"menu_order":0,"comment_status":"closed","ping_status":"closed","template":"","meta":{"footnotes":""},"class_list":["post-6034","page","type-page","status-publish","hentry"],"yoast_head":"<!-- This site is optimized with the Yoast SEO Premium plugin v27.6 (Yoast SEO v27.6) - https:\/\/yoast.com\/product\/yoast-seo-premium-wordpress\/ -->\n<title>Visum f\u00fcr Saudi Arabien: Alles was Sie wissen m\u00fcssen<\/title>\n<meta name=\"description\" content=\"Erfahren Sie alles \u00fcber das Visum f\u00fcr Saudi Arabien. Beantragen Sie bequem Ihr eVisa f\u00fcr die Umrah online ohne Beh\u00f6rdengang.\" \/>\n<meta name=\"robots\" content=\"index, follow, max-snippet:-1, max-image-preview:large, max-video-preview:-1\" \/>\n<link rel=\"canonical\" href=\"https:\/\/umrah-smart.com\/en\/visa-service\/\" \/>\n<meta property=\"og:locale\" content=\"en_US\" \/>\n<meta property=\"og:type\" content=\"article\" \/>\n<meta property=\"og:title\" content=\"Visa Service\" \/>\n<meta property=\"og:description\" content=\"Erfahren Sie alles \u00fcber das Visum f\u00fcr Saudi Arabien. Beantragen Sie bequem Ihr eVisa f\u00fcr die Umrah online ohne Beh\u00f6rdengang.\" \/>\n<meta property=\"og:url\" content=\"https:\/\/umrah-smart.com\/en\/visa-service\/\" \/>\n<meta property=\"og:site_name\" content=\"Umrah Smart\" \/>\n<meta property=\"article:modified_time\" content=\"2026-04-19T12:32:05+00:00\" \/>\n<meta name=\"twitter:card\" content=\"summary_large_image\" \/>\n<script type=\"application\/ld+json\" class=\"yoast-schema-graph\">{\"@context\":\"https:\\\/\\\/schema.org\",\"@graph\":[{\"@type\":\"WebPage\",\"@id\":\"https:\\\/\\\/umrah-smart.com\\\/en\\\/visa-service\\\/\",\"url\":\"https:\\\/\\\/umrah-smart.com\\\/en\\\/visa-service\\\/\",\"name\":\"Visum f\u00fcr Saudi Arabien: Alles was Sie wissen m\u00fcssen\",\"isPartOf\":{\"@id\":\"https:\\\/\\\/umrah-smart.com\\\/#website\"},\"datePublished\":\"2025-09-30T13:35:39+00:00\",\"dateModified\":\"2026-04-19T12:32:05+00:00\",\"description\":\"Erfahren Sie alles \u00fcber das Visum f\u00fcr Saudi Arabien. Beantragen Sie bequem Ihr eVisa f\u00fcr die Umrah online ohne Beh\u00f6rdengang.\",\"breadcrumb\":{\"@id\":\"https:\\\/\\\/umrah-smart.com\\\/en\\\/visa-service\\\/#breadcrumb\"},\"inLanguage\":\"en-US\",\"potentialAction\":[{\"@type\":\"ReadAction\",\"target\":[\"https:\\\/\\\/umrah-smart.com\\\/en\\\/visa-service\\\/\"]}]},{\"@type\":\"BreadcrumbList\",\"@id\":\"https:\\\/\\\/umrah-smart.com\\\/en\\\/visa-service\\\/#breadcrumb\",\"itemListElement\":[{\"@type\":\"ListItem\",\"position\":1,\"name\":\"Start\",\"item\":\"https:\\\/\\\/umrah-smart.com\\\/en\\\/\"},{\"@type\":\"ListItem\",\"position\":2,\"name\":\"Visa Service\"}]},{\"@type\":\"WebSite\",\"@id\":\"https:\\\/\\\/umrah-smart.com\\\/#website\",\"url\":\"https:\\\/\\\/umrah-smart.com\\\/\",\"name\":\"Umrah Smart\",\"description\":\"Umrah Smart - einzigartig in Europa - planen und buchen Sie Ihre individuelle Umrah Reise online und ohne Risiko als Pauschalreise.\",\"publisher\":{\"@id\":\"https:\\\/\\\/umrah-smart.com\\\/#organization\"},\"potentialAction\":[{\"@type\":\"SearchAction\",\"target\":{\"@type\":\"EntryPoint\",\"urlTemplate\":\"https:\\\/\\\/umrah-smart.com\\\/?s={search_term_string}\"},\"query-input\":{\"@type\":\"PropertyValueSpecification\",\"valueRequired\":true,\"valueName\":\"search_term_string\"}}],\"inLanguage\":\"en-US\"},{\"@type\":\"Organization\",\"@id\":\"https:\\\/\\\/umrah-smart.com\\\/#organization\",\"name\":\"Umrah Smart\",\"url\":\"https:\\\/\\\/umrah-smart.com\\\/\",\"logo\":{\"@type\":\"ImageObject\",\"inLanguage\":\"en-US\",\"@id\":\"https:\\\/\\\/umrah-smart.com\\\/#\\\/schema\\\/logo\\\/image\\\/\",\"url\":\"https:\\\/\\\/umrah-smart.com\\\/wp-content\\\/uploads\\\/2025\\\/11\\\/Umrah_Smart_Logo_braun_weiss_rechteckig.svg\",\"contentUrl\":\"https:\\\/\\\/umrah-smart.com\\\/wp-content\\\/uploads\\\/2025\\\/11\\\/Umrah_Smart_Logo_braun_weiss_rechteckig.svg\",\"width\":1,\"height\":1,\"caption\":\"Umrah Smart\"},\"image\":{\"@id\":\"https:\\\/\\\/umrah-smart.com\\\/#\\\/schema\\\/logo\\\/image\\\/\"},\"sameAs\":[\"https:\\\/\\\/www.instagram.com\\\/umrah_smart\\\/\"]}]}<\/script>\n<!-- \/ Yoast SEO Premium plugin. -->","yoast_head_json":{"title":"Visum f\u00fcr Saudi Arabien: Alles was Sie wissen m\u00fcssen","description":"Erfahren Sie alles \u00fcber das Visum f\u00fcr Saudi Arabien. Beantragen Sie bequem Ihr eVisa f\u00fcr die Umrah online ohne Beh\u00f6rdengang.","robots":{"index":"index","follow":"follow","max-snippet":"max-snippet:-1","max-image-preview":"max-image-preview:large","max-video-preview":"max-video-preview:-1"},"canonical":"https:\/\/umrah-smart.com\/en\/visa-service\/","og_locale":"en_US","og_type":"article","og_title":"Visa Service","og_description":"Erfahren Sie alles \u00fcber das Visum f\u00fcr Saudi Arabien. Beantragen Sie bequem Ihr eVisa f\u00fcr die Umrah online ohne Beh\u00f6rdengang.","og_url":"https:\/\/umrah-smart.com\/en\/visa-service\/","og_site_name":"Umrah Smart","article_modified_time":"2026-04-19T12:32:05+00:00","twitter_card":"summary_large_image","schema":{"@context":"https:\/\/schema.org","@graph":[{"@type":"WebPage","@id":"https:\/\/umrah-smart.com\/en\/visa-service\/","url":"https:\/\/umrah-smart.com\/en\/visa-service\/","name":"Visum f\u00fcr Saudi Arabien: Alles was Sie wissen m\u00fcssen","isPartOf":{"@id":"https:\/\/umrah-smart.com\/#website"},"datePublished":"2025-09-30T13:35:39+00:00","dateModified":"2026-04-19T12:32:05+00:00","description":"Erfahren Sie alles \u00fcber das Visum f\u00fcr Saudi Arabien. Beantragen Sie bequem Ihr eVisa f\u00fcr die Umrah online ohne Beh\u00f6rdengang.","breadcrumb":{"@id":"https:\/\/umrah-smart.com\/en\/visa-service\/#breadcrumb"},"inLanguage":"en-US","potentialAction":[{"@type":"ReadAction","target":["https:\/\/umrah-smart.com\/en\/visa-service\/"]}]},{"@type":"BreadcrumbList","@id":"https:\/\/umrah-smart.com\/en\/visa-service\/#breadcrumb","itemListElement":[{"@type":"ListItem","position":1,"name":"Start","item":"https:\/\/umrah-smart.com\/en\/"},{"@type":"ListItem","position":2,"name":"Visa Service"}]},{"@type":"WebSite","@id":"https:\/\/umrah-smart.com\/#website","url":"https:\/\/umrah-smart.com\/","name":"Umrah Smart","description":"Umrah Smart - einzigartig in Europa - planen und buchen Sie Ihre individuelle Umrah Reise online und ohne Risiko als Pauschalreise.","publisher":{"@id":"https:\/\/umrah-smart.com\/#organization"},"potentialAction":[{"@type":"SearchAction","target":{"@type":"EntryPoint","urlTemplate":"https:\/\/umrah-smart.com\/?s={search_term_string}"},"query-input":{"@type":"PropertyValueSpecification","valueRequired":true,"valueName":"search_term_string"}}],"inLanguage":"en-US"},{"@type":"Organization","@id":"https:\/\/umrah-smart.com\/#organization","name":"Umrah Smart","url":"https:\/\/umrah-smart.com\/","logo":{"@type":"ImageObject","inLanguage":"en-US","@id":"https:\/\/umrah-smart.com\/#\/schema\/logo\/image\/","url":"https:\/\/umrah-smart.com\/wp-content\/uploads\/2025\/11\/Umrah_Smart_Logo_braun_weiss_rechteckig.svg","contentUrl":"https:\/\/umrah-smart.com\/wp-content\/uploads\/2025\/11\/Umrah_Smart_Logo_braun_weiss_rechteckig.svg","width":1,"height":1,"caption":"Umrah Smart"},"image":{"@id":"https:\/\/umrah-smart.com\/#\/schema\/logo\/image\/"},"sameAs":["https:\/\/www.instagram.com\/umrah_smart\/"]}]}},"_links":{"self":[{"href":"https:\/\/umrah-smart.com\/en\/wp-json\/wp\/v2\/pages\/6034","targetHints":{"allow":["GET"]}}],"collection":[{"href":"https:\/\/umrah-smart.com\/en\/wp-json\/wp\/v2\/pages"}],"about":[{"href":"https:\/\/umrah-smart.com\/en\/wp-json\/wp\/v2\/types\/page"}],"author":[{"embeddable":true,"href":"https:\/\/umrah-smart.com\/en\/wp-json\/wp\/v2\/users\/1"}],"replies":[{"embeddable":true,"href":"https:\/\/umrah-smart.com\/en\/wp-json\/wp\/v2\/comments?post=6034"}],"version-history":[{"count":5,"href":"https:\/\/umrah-smart.com\/en\/wp-json\/wp\/v2\/pages\/6034\/revisions"}],"predecessor-version":[{"id":6609,"href":"https:\/\/umrah-smart.com\/en\/wp-json\/wp\/v2\/pages\/6034\/revisions\/6609"}],"wp:attachment":[{"href":"https:\/\/umrah-smart.com\/en\/wp-json\/wp\/v2\/media?parent=6034"}],"curies":[{"name":"wp","href":"https:\/\/api.w.org\/{rel}","templated":true}]}}